{"id":263,"date":"2024-02-20T15:31:38","date_gmt":"2024-02-20T14:31:38","guid":{"rendered":"https:\/\/www.forspective.com\/?page_id=263"},"modified":"2024-02-20T15:31:38","modified_gmt":"2024-02-20T14:31:38","slug":"politique-en-matiere-de-cookies","status":"publish","type":"page","link":"https:\/\/www.forspective.com\/index.php\/politique-en-matiere-de-cookies\/","title":{"rendered":"Politique en mati\u00e8re de cookies"},"content":{"rendered":"\n<p>La pr\u00e9sente notice sur les cookies est applicable lors de la consultation du site internet Forspective. L\u2019objectif de cette politique de cookies est de vous informer sur l\u2019origine et l&rsquo;usage des informations de navigation trait\u00e9es \u00e0 l&rsquo;occasion de votre consultation du site internet et sur les outils mis \u00e0 votre disposition pour exprimer vos choix concernant les cookies.<\/p>\n\n\n\n<p><strong>Qu\u2019est-ce qu\u2019un cookie ?&nbsp;<\/strong><\/p>\n\n\n\n<p>A l\u2019occasion de la consultation du Site internet, un fichier texte pourra \u00eatre d\u00e9pos\u00e9, sous r\u00e9serve de vos choix, sur votre terminal (ordinateur, smartphone, tablette), gr\u00e2ce \u00e0 votre navigateur internet. Ce fichier texte est un cookie. Il va permettre \u00e0 son \u00e9metteur pendant sa dur\u00e9e de validit\u00e9 ou d\u2019enregistrement, d\u2019identifier votre terminal lors de vos prochaines visites. Certains cookies sont indispensables \u00e0 l&rsquo;utilisation du site, d&rsquo;autres permettent d&rsquo;optimiser et de personnaliser les contenus affich\u00e9s.<\/p>\n\n\n\n<p><strong>Qui sont les \u00e9metteurs de cookies sur le site <\/strong><strong>Forspective&nbsp; ?<\/strong><\/p>\n\n\n\n<p>Les cookies susceptibles d\u2019\u00eatre d\u00e9pos\u00e9s sur votre terminal lorsque vous visitez des pages du Site internet, sont \u00e9mis par le site Forspective et\/ou par des tiers. Seul l\u2019\u00e9metteur d&rsquo;un cookie est susceptible de lire ou de modifier les informations contenues dans celui-ci. Les cookies d\u00e9pos\u00e9s par Forspective sont principalement li\u00e9s au fonctionnement du Site. Les autres cookies susceptibles d\u2019appara\u00eetre sont des cookies tiers d\u00e9pos\u00e9s par nos partenaires sur notre Site. Forspective met tout en \u0153uvre pour que l&rsquo;\u00e9mission et l&rsquo;utilisation des cookies de la part des tiers soient effectu\u00e9es dans le respect de la r\u00e9glementation en vigueur.<\/p>\n\n\n\n<p><strong>A quoi servent les cookies \u00e9mis sur le site ?&nbsp;<\/strong><\/p>\n\n\n\n<p>Sous r\u00e9serve de vos choix, diff\u00e9rents cookies peuvent \u00eatre install\u00e9s sur votre terminal pour les finalit\u00e9s d\u00e9crites ci-apr\u00e8s. A titre exhaustif et dans la mesure du possible, nous vous informons de l&rsquo;objet des cookies tiers dont nous avons connaissance et des moyens dont vous disposez pour effectuer des choix \u00e0 l&rsquo;\u00e9gard de ces cookies. Tous les cookies sont susceptibles d\u2019\u00eatre crois\u00e9s avec vos donn\u00e9es clients afin de personnaliser votre exp\u00e9rience, de limiter l\u2019interaction avec notre service client, d\u2019am\u00e9liorer nos services et de garantir votre satisfaction.<\/p>\n\n\n\n<ul class=\"wp-block-list\">\n<li><strong>Les cookies essentiels au fonctionnement du Site<\/strong><\/li>\n<\/ul>\n\n\n\n<p>Les cookies \u00ab Essentiels \u00bb sont indispensables \u00e0 la navigation sur le Site et vous permettent d&rsquo;utiliser les principales fonctionnalit\u00e9s du Site. Par exemple, ce sont les cookies destin\u00e9s notamment \u00e0 : conserver votre choix sur le d\u00e9p\u00f4t de traceurs ou la volont\u00e9 de celui-ci de ne pas exprimer un choix, l\u2019authentification aupr\u00e8s d\u2019un service, personnalisation d\u2019interface.<\/p>\n\n\n\n<p>Ces cookies, permettant ou facilitant la communication par voie \u00e9lectronique et\/ou \u00e9tant strictement n\u00e9cessaire \u00e0 la fourniture d\u2019un service de communication en ligne \u00e0 votre demande express, ne sont pas soumis \u00e0 votre consentement pr\u00e9alable. Le d\u00e9p\u00f4t ou la lecture de tels cookies est n\u00e9cessaire \u00e0 la fourniture du service et sera fond\u00e9 sur l\u2019int\u00e9r\u00eat l\u00e9gitime de Forspective \u00e0 mettre en \u0153uvre un tel traitement pour la bonne utilisation de son Site.<\/p>\n\n\n\n<ul class=\"wp-block-list\">\n<li><strong>Les cookies de personnalisation<\/strong><\/li>\n<\/ul>\n\n\n\n<p>Les cookies de personnalisation permettent de personnaliser et am\u00e9liorer votre exp\u00e9rience utilisateur, par exemple en facilitant vos recherches. Ils vous permettent \u00e9galement d&rsquo;adapter la pr\u00e9sentation du Site aux pr\u00e9f\u00e9rences d&rsquo;affichage de votre terminal lors de vos visites.<\/p>\n\n\n\n<p>Ces Cookies sont \u00e9mis par Forspective et\/ou par nos prestataires. L&rsquo;\u00e9mission et l&rsquo;utilisation de cookies par des tiers sur notre site, peuvent \u00e9galement \u00eatre soumises aux politiques de protection de la vie priv\u00e9e de ces tiers.<\/p>\n\n\n\n<p>Le d\u00e9p\u00f4t ou la lecture de tels cookies est effectu\u00e9(e) sous r\u00e9serve de l\u2019obtention pr\u00e9alable de votre consentement. Si vous refusez la mise en \u0153uvre de ces cookies, vous ne pourrez pas b\u00e9n\u00e9ficier des fonctionnalit\u00e9s d\u00e9crites au pr\u00e9sent paragraphe.<\/p>\n\n\n\n<ul class=\"wp-block-list\">\n<li><strong>Les cookies analytiques<\/strong><\/li>\n<\/ul>\n\n\n\n<p>Les cookies analytiques permettent de mesurer l\u2019audience des diff\u00e9rents contenus du Site, d&rsquo;\u00e9tablir des statistiques et des volumes de fr\u00e9quentation afin de l\u2019\u00e9valuer et d\u2019am\u00e9liorer l\u2019ergonomie de nos services. Ces cookies incluent ceux utilis\u00e9s pour la constitution de profils similaires qui seront prospect\u00e9s d\u2019apr\u00e8s vos informations.<\/p>\n\n\n\n<p>Ces Cookies sont \u00e9mis par Forspective et\/ou par nos prestataires. L&rsquo;\u00e9mission et l&rsquo;utilisation de cookies par des tiers sur notre site, peuvent \u00e9galement \u00eatre soumises aux politiques de protection de la vie priv\u00e9e de ces tiers.<\/p>\n\n\n\n<p>Le d\u00e9p\u00f4t ou la lecture de tels cookies est effectu\u00e9(e) sous r\u00e9serve de l\u2019obtention pr\u00e9alable de votre consentement. Le fait de refuser la mise en \u0153uvre de tels cookies ou de les supprimer n&rsquo;a pas d&rsquo;incidence sur votre navigation sur le Site mais est de nature \u00e0 nous emp\u00eacher de nous assurer de la meilleure qualit\u00e9 de services que nous souhaitons proposer \u00e0 nos visiteurs.<\/p>\n\n\n\n<ul class=\"wp-block-list\">\n<li><strong>Les cookies de partage (liens sociaux)<\/strong><\/li>\n<\/ul>\n\n\n\n<p>Nous sommes susceptibles d&rsquo;inclure sur le Site des applications informatiques \u00e9manant de tiers, qui vous permettent de partager des contenus du Site avec d&rsquo;autres personnes ou de faire conna\u00eetre \u00e0 ces autres personnes votre consultation ou votre opinion concernant un contenu du Site. Tel est notamment le cas des boutons \u00ab\u00a0Partager\u00a0\u00bb, \u00ab\u00a0J&rsquo;aime\u00a0\u00bb, issus de r\u00e9seaux sociaux tels que Linkedin, Facebook, Twitter, Instagram, Pinterest\u2026<\/p>\n\n\n\n<p>Le r\u00e9seau social fournissant un tel bouton applicatif est susceptible de vous identifier gr\u00e2ce \u00e0 ce bouton, soit si vous utilisez le bouton, soit, m\u00eame si vous n&rsquo;avez pas utilis\u00e9 ce bouton, si vous \u00eates connect\u00e9s au r\u00e9seau social lors de votre consultation du Site (session ouverte durant votre navigation), les boutons de partage permettant de relier les contenus consult\u00e9s \u00e0 votre compte utilisateur.<\/p>\n\n\n\n<p>Nous n&rsquo;avons aucun contr\u00f4le sur le processus employ\u00e9 par les r\u00e9seaux sociaux pour collecter des informations relatives \u00e0 votre navigation sur le Site et associ\u00e9es aux donn\u00e9es personnelles dont ils disposent. Nous vous invitons \u00e0 consulter les politiques de protection de la vie priv\u00e9e de ces r\u00e9seaux sociaux.<\/p>\n\n\n\n<p><strong>Combien de temps sont conserv\u00e9s les cookies ?&nbsp;<\/strong><\/p>\n\n\n\n<p>Les cookies d\u00e9pos\u00e9s sur votre terminal ont une dur\u00e9e de vie de six mois maximum. A l\u2019expiration de la dur\u00e9e de conservation, les donn\u00e9es \u00e0 caract\u00e8re personnel collect\u00e9es au travers des cookies seront supprim\u00e9es.<\/p>\n\n\n\n<p><strong>Comment g\u00e9rer les cookies d\u00e9pos\u00e9s sur votre terminal ?&nbsp;<\/strong><\/p>\n\n\n\n<p>Les cookies d\u00e9pos\u00e9s sur votre terminal r\u00e9sultent des param\u00e8tres que vous aurez renseign\u00e9s lors de votre visite et que vous pouvez modifier \u00e0 tout moment dans les conditions rappel\u00e9es au sein de la pr\u00e9sente politique cookies.<\/p>\n\n\n\n<p>Vous disposez des diff\u00e9rents moyens pour g\u00e9rer la mise en \u0153uvre des cookies tels que pr\u00e9sent\u00e9s ci-dessous.<\/p>\n\n\n\n<p>Si votre terminal est utilis\u00e9 par plusieurs personnes et lorsqu\u2019un m\u00eame terminal dispose de plusieurs logiciels de navigation, nous ne pouvons pas nous assurer de mani\u00e8re certaine que les services et publicit\u00e9s destin\u00e9s \u00e0 votre terminal correspondent bien \u00e0 votre propre utilisation de celui-ci et non \u00e0 celle d&rsquo;un autre utilisateur de ce terminal. Le cas \u00e9ch\u00e9ant, le partage avec d\u2019autres personnes de l\u2019utilisation de votre terminal et la configuration des param\u00e8tres de votre navigateur \u00e0 l&rsquo;\u00e9gard des cookies, rel\u00e8vent de votre libre choix et de votre responsabilit\u00e9.<\/p>\n\n\n\n<p>Vous pouvez exprimer vos choix gr\u00e2ce :<\/p>\n\n\n\n<ul class=\"wp-block-list\">\n<li><strong>Au gestionnaire de cookie\u00a0<\/strong><\/li>\n<\/ul>\n\n\n\n<p>Vous pouvez d\u00e9cider si les cookies sont stock\u00e9s sur votre terminal \u00e0 l\u2019aide de l\u2019outil de param\u00e9trage de cookie disponible en cliquant sur Param\u00e8tres Cookies, dans la banni\u00e8re de cookie ou dans le pied de page du Site. La gestion des cookies se fait par finalit\u00e9s de cookies.<\/p>\n\n\n\n<ul class=\"wp-block-list\">\n<li><strong>Au param\u00e9trage de votre navigateur<\/strong><\/li>\n<\/ul>\n\n\n\n<p>Vous pouvez \u00e9galement configurer votre logiciel de navigation de mani\u00e8re \u00e0 ce que des cookies soient accept\u00e9s et enregistr\u00e9s sur votre terminal ou, au contraire, afin qu&rsquo;ils soient refus\u00e9s. La configuration de chaque logiciel de navigation est diff\u00e9rente. Elle est g\u00e9n\u00e9ralement d\u00e9crite dans le menu d&rsquo;aide de votre logiciel de navigation. Nous vous invitons donc \u00e0 en prendre connaissance. Vous pourrez ainsi savoir de quelle mani\u00e8re modifier vos souhaits en mati\u00e8re de cookies.<\/p>\n\n\n\n<ul class=\"wp-block-list\">\n<li><strong>Pour Internet Explorer<\/strong> : <a href=\"https:\/\/support.microsoft.com\/fr-fr\/help\/17442\/windows-internet-explorer-delete-manage-cookies\">https:\/\/support.microsoft.com\/fr-fr\/help\/17442\/windows-internet-explorer-delete-manage-cookies<\/a> \/\/ ou Allez dans l&rsquo;onglet Outils (ic\u00f4ne en forme de rouage en haut \u00e0 droite) \/ Options Internet. Cliquez sur Confidentialit\u00e9 et choisissez Bloquer tous les cookies. Validez sur OK.<\/li>\n<\/ul>\n\n\n\n<ul class=\"wp-block-list\">\n<li><strong>Pour Safari<\/strong> : <a href=\"https:\/\/support.apple.com\/kb\/PH19214?locale=fr_FR&amp;viewlocale=en_US\">https:\/\/support.apple.com\/kb\/PH19214?locale=fr_FR&amp;viewlocale=en_US<\/a> Cliquez sur l&rsquo;ic\u00f4ne du menu en haut \u00e0 droite du navigateur (repr\u00e9sent\u00e9e par un engrenage). S\u00e9lectionnez Param\u00e8tres. Cliquez sur Afficher les param\u00e8tres avanc\u00e9s. Dans la section \u00ab\u00a0Confidentialit\u00e9\u00a0\u00bb, cliquez sur Param\u00e8tres de contenu. Dans la section \u00ab\u00a0Cookies\u00a0\u00bb, vous pouvez bloquer les cookies.<\/li>\n<\/ul>\n\n\n\n<ul class=\"wp-block-list\">\n<li><strong>Pour Chrome<\/strong> : <a href=\"https:\/\/support.google.com\/chrome\/answer\/95647?hl=fr&amp;hlrm=en\">https:\/\/support.google.com\/chrome\/answer\/95647?hl=fr&amp;hlrm=en<\/a><\/li>\n<\/ul>\n\n\n\n<p>Cliquez sur l&rsquo;ic\u00f4ne du menu en haut \u00e0 droite du navigateur (repr\u00e9sent\u00e9e par trois lignes horizontales). S\u00e9lectionnez Param\u00e8tres. Cliquez sur Afficher les param\u00e8tres avanc\u00e9s. Dans la section \u00ab\u00a0Confidentialit\u00e9\u00a0\u00bb, cliquez sur Pr\u00e9f\u00e9rences. Dans l&rsquo;onglet \u00ab\u00a0Confidentialit\u00e9\u00a0\u00bb, vous pouvez bloquer les cookies.<\/p>\n\n\n\n<ul class=\"wp-block-list\">\n<li><strong>Pour Firefox<\/strong> : <a href=\"http:\/\/support.mozilla.org\/fr\/kb\/cookies-informations-sites-enregistrent?redirectlocale=fr&amp;redirectslug=G%C3%A9rer+les+cookies\">http:\/\/support.mozilla.org\/fr\/kb\/cookies-informations-sites-enregistrent?redirectlocale=fr&amp;redirectslug=G%C3%A9rer+les+cookies<\/a> \/\/ ou En haut de la fen\u00eatre du navigateur, cliquez sur le bouton Firefox, puis allez dans l&rsquo;onglet Options. Cliquez sur l&rsquo;onglet Vie priv\u00e9e. Configurez les R\u00e8gles de conservation sur : utiliser les param\u00e8tres personnalis\u00e9s pour l&rsquo;historique. Enfin, d\u00e9cochez-les pour d\u00e9sactiver les cookies.<\/li>\n\n\n\n<li>Pour Opera: <a href=\"https:\/\/help.opera.com\/en\/latest\/web-preferences\/#cookies\">https:\/\/help.opera.com\/en\/latest\/web-preferences\/#cookies<\/a><\/li>\n<\/ul>\n\n\n\n<p>Attention : tout param\u00e9trage que vous pouvez entreprendre sur votre logiciel de navigation concernant l\u2019acceptation ou le refus des cookies sera susceptible de modifier votre navigation sur Internet et vos conditions d&rsquo;acc\u00e8s au Site et \u00e0 certains services n\u00e9cessitant l&rsquo;utilisation de ces m\u00eames cookies.<\/p>\n\n\n\n<p>Version mise \u00e0 jour en F\u00e9vrier 2024<\/p>\n","protected":false},"excerpt":{"rendered":"<p>La pr\u00e9sente notice sur les cookies est applicable lors de la consultation du site internet Forspective. L\u2019objectif de cette politique de cookies est de vous informer sur l\u2019origine et l&rsquo;usage des informations de navigation trait\u00e9es \u00e0 l&rsquo;occasion de votre consultation du site internet et sur les outils mis \u00e0 votre disposition pour exprimer vos choix [&hellip;]<\/p>\n","protected":false},"author":1,"featured_media":0,"parent":0,"menu_order":0,"comment_status":"closed","ping_status":"closed","template":"","meta":{"footnotes":""},"class_list":["post-263","page","type-page","status-publish","hentry"],"_links":{"self":[{"href":"https:\/\/www.forspective.com\/index.php\/wp-json\/wp\/v2\/pages\/263","targetHints":{"allow":["GET"]}}],"collection":[{"href":"https:\/\/www.forspective.com\/index.php\/wp-json\/wp\/v2\/pages"}],"about":[{"href":"https:\/\/www.forspective.com\/index.php\/wp-json\/wp\/v2\/types\/page"}],"author":[{"embeddable":true,"href":"https:\/\/www.forspective.com\/index.php\/wp-json\/wp\/v2\/users\/1"}],"replies":[{"embeddable":true,"href":"https:\/\/www.forspective.com\/index.php\/wp-json\/wp\/v2\/comments?post=263"}],"version-history":[{"count":1,"href":"https:\/\/www.forspective.com\/index.php\/wp-json\/wp\/v2\/pages\/263\/revisions"}],"predecessor-version":[{"id":264,"href":"https:\/\/www.forspective.com\/index.php\/wp-json\/wp\/v2\/pages\/263\/revisions\/264"}],"wp:attachment":[{"href":"https:\/\/www.forspective.com\/index.php\/wp-json\/wp\/v2\/media?parent=263"}],"curies":[{"name":"wp","href":"https:\/\/api.w.org\/{rel}","templated":true}]}}