{"id":267,"date":"2024-02-20T15:33:24","date_gmt":"2024-02-20T14:33:24","guid":{"rendered":"https:\/\/www.forspective.com\/?page_id=267"},"modified":"2024-02-20T15:33:24","modified_gmt":"2024-02-20T14:33:24","slug":"conditions-generales-dutilisation","status":"publish","type":"page","link":"https:\/\/www.forspective.com\/index.php\/conditions-generales-dutilisation\/","title":{"rendered":"Conditions g\u00e9n\u00e9rales d&rsquo;utilisation"},"content":{"rendered":"\n<p>Les pr\u00e9sentes conditions g\u00e9n\u00e9rales d\u2019utilisation (dites \u201cCGU\u201d) ont pour objet l\u2019encadrement juridique des modalit\u00e9s de mise \u00e0 disposition du site et des services par Forspective et de d\u00e9finir les conditions d\u2019acc\u00e8s et d\u2019utilisation des services par l\u2019utilisateur.&nbsp;<\/p>\n\n\n\n<p><strong>PR\u00c9AMBULE&nbsp;<\/strong><\/p>\n\n\n\n<p>Le site forspective.com est \u00e9dit\u00e9 et administr\u00e9 par Philippe Duperray, directeur de Forspective, dont le si\u00e8ge social est situ\u00e9 au 42 rue de l\u2019Indre, 36000 Ch\u00e2teauroux, FRANCE, propose des services de conseil pour les l\u2019\u00e9tude de conception et de r\u00e9alisation d&rsquo;\u00e9quipements industriels notamment pour l&#8217;emballage, le conditionnement et la manutention.<\/p>\n\n\n\n<p>L&rsquo;utilisation du site forspective.com sont soumis aux pr\u00e9sentes Conditions G\u00e9n\u00e9rales d&rsquo;Utilisation.&nbsp;<\/p>\n\n\n\n<p>En utilisant le site forspective.com, vous reconnaissez avoir lu, compris et accept\u00e9 sans r\u00e9serve les pr\u00e9sentes Conditions G\u00e9n\u00e9rales d&rsquo;Utilisation. De m\u00eame, en utilisant le site forspective.com vous reconnaissez la Politique de Confidentialit\u00e9 du site forspective.com (voir \u00ab Politique de Confidentialit\u00e9\u00bb).<\/p>\n\n\n\n<p>Les pr\u00e9sentes Conditions G\u00e9n\u00e9rales d&rsquo;Utilisation et la Politique de Confidentialit\u00e9 peuvent \u00eatre mises \u00e0 jour \u00e0 tout moment. Les Conditions G\u00e9n\u00e9rales d\u2019Utilisation et la Politique de Confidentialit\u00e9 en vigueur au moment de l\u2019utilisation du site forspective.com sont celles qui vous sont opposables. Nous vous conseillons de vous tenir r\u00e9guli\u00e8rement inform\u00e9 des conditions en vigueur. Vous pouvez prendre connaissance \u00e0 tout moment de la version des Conditions G\u00e9n\u00e9rales d&rsquo;Utilisation ou de la Politique de Confidentialit\u00e9 en vigueur en vous rendant dans la rubrique \u00ab Conditions G\u00e9n\u00e9rales d&rsquo;Utilisation\u00bb du site forspective.com.<\/p>\n\n\n\n<p><strong>S\u00c9CURIT\u00c9 ET CONFIDENTIALIT\u00c9&nbsp;<\/strong><\/p>\n\n\n\n<p>La Politique de Confidentialit\u00e9 du site forspective.com.(voir \u00ab Politique de Confidentialit\u00e9 \u00bb) r\u00e9git l&rsquo;utilisation des informations personnelles communiqu\u00e9es \u00e0 Forspective, sur ce site. Forspective, peut modifier sa Politique de Confidentialit\u00e9 \u00e0 tout moment, comme pr\u00e9vu dans ce document.<\/p>\n\n\n\n<p>Le site forspective.com.n&rsquo;est pas destin\u00e9 aux enfants mineurs.<\/p>\n\n\n\n<p><strong>DROIT DE PROPRI\u00c9T\u00c9 INTELLECTUELLE DE<\/strong> <strong>FORSPECTIVE<\/strong><\/p>\n\n\n\n<p>Le site ainsi que tout logiciel utilis\u00e9 n\u00e9cessairement en relation avec celui-ci peuvent contenir des informations confidentielles et prot\u00e9g\u00e9es par le droit de propri\u00e9t\u00e9 intellectuelle en vigueur ou toute autre loi. Ainsi, sauf mention contraire, les droits de propri\u00e9t\u00e9 intellectuelle sur les documents contenus dans le site et chacun des \u00e9l\u00e9ments cr\u00e9\u00e9s pour ce site sont la propri\u00e9t\u00e9 exclusive de Forspective , celle-ci ne conc\u00e9dant aucune licence, ni aucun autre droit que celui de consulter le site. Ainsi, aucune reproduction ou repr\u00e9sentation ne peut avoir lieu sans le consentement \u00e9crit et pr\u00e9alable de Forspective.&nbsp;<\/p>\n\n\n\n<p>Toute exploitation non autoris\u00e9e du site ou de l&rsquo;un de ses \u00e9l\u00e9ments sera consid\u00e9r\u00e9e comme constitutive d&rsquo;une contrefa\u00e7on et sera poursuivie conform\u00e9ment aux dispositions des articles L.335-2 et suivants du Code de la propri\u00e9t\u00e9 intellectuelle.<\/p>\n\n\n\n<p><strong>LIENS&nbsp;<\/strong><\/p>\n\n\n\n<p>Le site peut inclure des liens vers d\u2019autres sites. Dans la mesure o\u00f9 Forspective ne peut contr\u00f4ler ces sites, Forspective ne peut \u00eatre tenu responsable de la mise \u00e0 disposition de ces sites, et ne peut supporter aucune responsabilit\u00e9 quant au contenu, publicit\u00e9s, produits, services ou tout autre mat\u00e9riel disponible sur ou \u00e0 partir de ces sites. De plus, Forspective ne pourra \u00eatre tenu responsable de tous dommages ou pertes av\u00e9r\u00e9s ou all\u00e9gu\u00e9s cons\u00e9cutifs ou en relation avec l\u2019utilisation ou avec le fait d\u2019avoir fait confiance au contenu, \u00e0 des biens ou des services disponibles sur ces sites ou sources externes.<\/p>\n\n\n\n<p>Vous ne pouvez mettre en place un lien vers le site Internet qu&rsquo;avec l&rsquo;autorisation \u00e9crite et expresse du Forspective.<\/p>\n\n\n\n<p><strong>LIMITATION DE RESPONSABILIT\u00c9<\/strong><\/p>\n\n\n\n<p>Forspective ne pourra en aucun cas \u00eatre tenue responsable vis-\u00e0-vis de vous ou d&rsquo;un tiers de tout dommage indirect, incident, sp\u00e9cial ou accessoire &#8211; ce qui inclut, sans que cela soit exhaustif, toute perte de b\u00e9n\u00e9fice ou autre perte indirecte -, r\u00e9sultant de votre utilisation du site forspective.com ou de votre incapacit\u00e9 \u00e0 l&rsquo;utiliser. La pr\u00e9sente limitation de responsabilit\u00e9 s&rsquo;applique dans toute la mesure autoris\u00e9e par la loi.<\/p>\n\n\n\n<p><strong>ABSENCE DE GARANTIE<\/strong><\/p>\n\n\n\n<p>Forspective ne peut garantir et affirmer :<\/p>\n\n\n\n<p>&#8211; que le site Internet forspective.com est exempt de virus, programmes d&rsquo;\u00e9crasement des donn\u00e9es, ou autre mat\u00e9riel de destruction.<\/p>\n\n\n\n<p>&#8211; que les informations contenues sur le site forspective.com&nbsp; sont exactes, compl\u00e8tes ou \u00e0 jour.<\/p>\n\n\n\n<p>Le site forspective.com peut contenir des impr\u00e9cisions techniques ou d&rsquo;autres d\u00e9fauts, Forspective ne garantit pas la correction de ces d\u00e9fauts. Le site Internet forspective.com&nbsp; et le contenu de ce site sont pr\u00e9sent\u00e9s \u00ab en l&rsquo;\u00e9tat \u00bb et \u00ab en fonction des disponibilit\u00e9s \u00bb. Forspective exclut express\u00e9ment toute forme de garantie, et notamment, toute garantie implicite relative aux conditions usuelles d&rsquo;usage du site forspective.com ou de l&rsquo;aptitude du site \u00e0 un usage normal ou \u00e0 une utilisation sp\u00e9cifique, \u00e0 sa qualit\u00e9 ou au respect de toutes dispositions l\u00e9gales. La pr\u00e9sente limitation de responsabilit\u00e9 s&rsquo;applique dans toute la mesure autoris\u00e9e par la loi.<\/p>\n\n\n\n<p><strong>DROITS APPLICABLES &#8211; LITIGES<\/strong><\/p>\n\n\n\n<p>Tout litige li\u00e9 \u00e0 l&rsquo;utilisation du site <a href=\"http:\/\/www.forspective.com\">www.forspective.com<\/a> est soumis au droit fran\u00e7ais conform\u00e9ment au r\u00e8glement CE 593\/2008 du 17 juin 2008. Ces Conditions G\u00e9n\u00e9rales d&rsquo;Utilisation sont \u00e9crites en fran\u00e7ais.&nbsp;<\/p>\n\n\n\n<p>En cas de contestation li\u00e9e \u00e0 l\u2019utilisation du Site, vous avez la possibilit\u00e9 de recourir \u00e0 une proc\u00e9dure de m\u00e9diation conventionnelle ou \u00e0 toute autre proc\u00e9dure de mode alternatif de r\u00e8glement des diff\u00e9rends.<\/p>\n\n\n\n<p>En cas de litige, conform\u00e9ment aux dispositions du r\u00e8glement n\u00b0 44\/2001 du 22 d\u00e9cembre 2000 :<\/p>\n\n\n\n<ul class=\"wp-block-list\">\n<li>vous pourrez saisir soit le tribunal du lieu o\u00f9 vous \u00eates domicili\u00e9, soit les tribunaux fran\u00e7ais.<\/li>\n\n\n\n<li>Fospective pourra saisir le tribunal du lieu o\u00f9 vous \u00eates domicili\u00e9.<\/li>\n<\/ul>\n\n\n\n<p>Forspective r\u00e9serve le droit de requ\u00e9rir et d&rsquo;obtenir des injonctions ou ordonnances pour la d\u00e9fense de ses droits aux termes des pr\u00e9sentes.<strong>&nbsp;<\/strong><\/p>\n\n\n\n<p><strong>PRINCIPALES LOIS APPLICABLES<\/strong><\/p>\n\n\n\n<ul class=\"wp-block-list\">\n<li>Loi n\u00b0 78-17 du 6 janvier 1978, notamment modifi\u00e9e par la Loi n\u00b0 2004-801 du 6 ao\u00fbt 2004, relative \u00e0 l&rsquo;informatique, aux fichiers et aux libert\u00e9s.<\/li>\n\n\n\n<li>Loi n\u00b0 2004-575 du 21 juin 2004 pour la confiance dans l&rsquo;\u00e9conomie num\u00e9rique.<\/li>\n<\/ul>\n\n\n\n<p>&nbsp;Version mise \u00e0 jour en F\u00e9vrier 2024<\/p>\n","protected":false},"excerpt":{"rendered":"<p>Les pr\u00e9sentes conditions g\u00e9n\u00e9rales d\u2019utilisation (dites \u201cCGU\u201d) ont pour objet l\u2019encadrement juridique des modalit\u00e9s de mise \u00e0 disposition du site et des services par Forspective et de d\u00e9finir les conditions d\u2019acc\u00e8s et d\u2019utilisation des services par l\u2019utilisateur.&nbsp; PR\u00c9AMBULE&nbsp; Le site forspective.com est \u00e9dit\u00e9 et administr\u00e9 par Philippe Duperray, directeur de Forspective, dont le si\u00e8ge social [&hellip;]<\/p>\n","protected":false},"author":1,"featured_media":0,"parent":0,"menu_order":0,"comment_status":"closed","ping_status":"closed","template":"","meta":{"footnotes":""},"class_list":["post-267","page","type-page","status-publish","hentry"],"_links":{"self":[{"href":"https:\/\/www.forspective.com\/index.php\/wp-json\/wp\/v2\/pages\/267","targetHints":{"allow":["GET"]}}],"collection":[{"href":"https:\/\/www.forspective.com\/index.php\/wp-json\/wp\/v2\/pages"}],"about":[{"href":"https:\/\/www.forspective.com\/index.php\/wp-json\/wp\/v2\/types\/page"}],"author":[{"embeddable":true,"href":"https:\/\/www.forspective.com\/index.php\/wp-json\/wp\/v2\/users\/1"}],"replies":[{"embeddable":true,"href":"https:\/\/www.forspective.com\/index.php\/wp-json\/wp\/v2\/comments?post=267"}],"version-history":[{"count":1,"href":"https:\/\/www.forspective.com\/index.php\/wp-json\/wp\/v2\/pages\/267\/revisions"}],"predecessor-version":[{"id":268,"href":"https:\/\/www.forspective.com\/index.php\/wp-json\/wp\/v2\/pages\/267\/revisions\/268"}],"wp:attachment":[{"href":"https:\/\/www.forspective.com\/index.php\/wp-json\/wp\/v2\/media?parent=267"}],"curies":[{"name":"wp","href":"https:\/\/api.w.org\/{rel}","templated":true}]}}