{"id":3,"date":"2023-11-11T16:29:40","date_gmt":"2023-11-11T15:29:40","guid":{"rendered":"http:\/\/forspective.com\/wd\/?page_id=3"},"modified":"2024-02-20T15:38:31","modified_gmt":"2024-02-20T14:38:31","slug":"politique-de-confidentialite","status":"publish","type":"page","link":"https:\/\/www.forspective.com\/index.php\/politique-de-confidentialite\/","title":{"rendered":"Politique de confidentialit\u00e9"},"content":{"rendered":"\n<p><strong>&nbsp;<\/strong><\/p>\n\n\n\n<p>Forspective attache une importance particuli\u00e8re au traitement, \u00e0 la confidentialit\u00e9 et \u00e0 la s\u00e9curit\u00e9 de vos donn\u00e9es personnelles.<\/p>\n\n\n\n<p>La protection de vos donn\u00e9es \u00e0 caract\u00e8re personnel est un \u00e9l\u00e9ment essentiel de notre relation. Cette relation est fond\u00e9e sur un principe de transparence visant \u00e0 respecter votre vie priv\u00e9e conform\u00e9ment \u00e0 la r\u00e9glementation en vigueur en France notamment en application de la loi informatique et libert\u00e9s et du R\u00e8glement G\u00e9n\u00e9ral sur la Protection des Donn\u00e9es (RGPD).&nbsp;<\/p>\n\n\n\n<p>Cette politique de protection des donn\u00e9es personnelles a pour objectif de vous informer de mani\u00e8re claire, simple et compl\u00e8te des traitements r\u00e9alis\u00e9s sur les donn\u00e9es personnelles que vous nous fournissez, ou que nous pouvons \u00eatre amen\u00e9s \u00e0 collecter \u00e0 travers les diff\u00e9rentes prises de contact que vous pourrez avoir avec nous, de leur \u00e9ventuel transfert aupr\u00e8s de tiers ainsi que de vos droits et des options dont vous disposez pour contr\u00f4ler vos informations personnelles et prot\u00e9ger votre vie priv\u00e9e.<\/p>\n\n\n\n<p>Le responsable du traitement de donn\u00e9es effectu\u00e9 par le site internet www.forspective.com est Forspective &#8211; 42 rue de l\u2019Indre &#8211; 36000 Ch\u00e2teauroux<\/p>\n\n\n\n<p>Forspective s\u2019engage \u00e0 ce que les traitements de donn\u00e9es personnelles effectu\u00e9s sur www.forspective.com soient conformes au R\u00e8glement G\u00e9n\u00e9ral sur la Protection des Donn\u00e9es (RGPD) et \u00e0 la loi Informatique et Libert\u00e9s.&nbsp;<\/p>\n\n\n\n<p><strong>Qu\u2019est-ce qu\u2019une donn\u00e9e personnelle ?&nbsp;<\/strong><\/p>\n\n\n\n<p>Selon l\u2019article 4.1 du RGPD, une donn\u00e9e \u00e0 caract\u00e8re personnel est toute information qui permet de vous identifier soit directement soit indirectement.&nbsp;<\/p>\n\n\n\n<p>Une donn\u00e9e personnelle est donc toute information relative \u00e0 une personne physique identifi\u00e9e ou qui peut \u00eatre identifi\u00e9e, directement ou indirectement, par r\u00e9f\u00e9rence \u00e0 un num\u00e9ro d\u2019identification ou \u00e0 un ou plusieurs \u00e9l\u00e9ments qui lui sont propres tels que son nom, son pr\u00e9nom, sa date de naissance, son num\u00e9ro client ou de commande, sa photo, etc\u2026<\/p>\n\n\n\n<p><strong>Quelles donn\u00e9es personnelles pouvons-nous \u00eatre amen\u00e9s \u00e0 collecter ?&nbsp;<\/strong><\/p>\n\n\n\n<p>Ce site collecte des donn\u00e9es \u00e0 caract\u00e8re personnel via ses diff\u00e9rents formulaires de contact, et le t\u00e9l\u00e9chargement de son livre blanc. Les donn\u00e9es personnelles sont librement communiqu\u00e9es \u00e0 Forspective par les personnes concern\u00e9es en consentant au traitement et en prenant connaissance de la mention d\u2019information affich\u00e9e sous les diff\u00e9rents formulaires de contact. Les donn\u00e9es collect\u00e9es sont ad\u00e9quates, utiles, n\u00e9cessaires et limit\u00e9es au strict minimum. Il s\u2019agit notamment de donn\u00e9es d\u2019identification (nom, pr\u00e9nom), professionnelles (soci\u00e9t\u00e9) et de connexion (adresse mail).<\/p>\n\n\n\n<p><strong>Pour quelles finalit\u00e9s vos donn\u00e9es personnelles sont-elles collect\u00e9es et utilis\u00e9es ?<\/strong><\/p>\n\n\n\n<p>Les traitements des donn\u00e9es \u00e0 caract\u00e8re personnel qui sont collect\u00e9es dans le cadre des diff\u00e9rents formulaires de contact du site internet poursuivent les finalit\u00e9s suivantes :<\/p>\n\n\n\n<ul class=\"wp-block-list\">\n<li>R\u00e9pondre aux messages des visiteurs du site Internet.<\/li>\n\n\n\n<li>Recevoir vos commentaires sur le blog.<\/li>\n\n\n\n<li>\u00c9tablir et assurer le suivi de la relation commerciale.<\/li>\n\n\n\n<li>Recevoir et traiter vos demandes relatives \u00e0 vos droits au titre du RGPD et de la loi Informatique et Libert\u00e9s.<\/li>\n\n\n\n<li>Optimiser le site internet et la navigation de l\u2019utilisateur.<\/li>\n\n\n\n<li>G\u00e9rer l\u2019animation commerciale du site\u200b.<\/li>\n<\/ul>\n\n\n\n<p>Les renseignements personnels que nous collectons sont recueillis dans le but de r\u00e9pondre \u00e0 votre demande et \u00e0 vous recontacter dans le cadre d\u2019op\u00e9rations de marketing direct, l\u2019envoi d\u2019invitation \u00e0 des \u00e9v\u00e9nements organis\u00e9s par Forspective et pour nos enqu\u00eates et \u00e9tudes statistiques.<\/p>\n\n\n\n<p><strong>Quels sont les fondements juridiques qui l\u00e9gitiment le traitement de vos donn\u00e9es ?&nbsp;<\/strong><\/p>\n\n\n\n<p>Le traitement de vos donn\u00e9es personnelles par Forspective est fond\u00e9 :<\/p>\n\n\n\n<ul class=\"wp-block-list\">\n<li>sur votre consentement pour tous les cas o\u00f9 vous confiez vous-m\u00eame vos donn\u00e9es personnelles. Votre consentement peut naturellement \u00eatre retir\u00e9 \u00e0 tout moment.<\/li>\n\n\n\n<li>sur l\u2019ex\u00e9cution de mesures contractuelles ou pr\u00e9contractuelles dans le cadre de votre demande de devis et de la relation commerciale qui peut en d\u00e9couler.<\/li>\n\n\n\n<li>sur le respect d\u2019une obligation l\u00e9gale notamment en mati\u00e8re d\u2019exercice de vos droits au titre du RGPD et de la loi Informatique et Libert\u00e9s.<\/li>\n\n\n\n<li>sur son int\u00e9r\u00eat l\u00e9gitime de protection de ses documents et informations.<\/li>\n<\/ul>\n\n\n\n<p>Prospective traite vos donn\u00e9es personnelles :<\/p>\n\n\n\n<ul class=\"wp-block-list\">\n<li>pour l\u2019ex\u00e9cution du contrat pass\u00e9 entre vous et Forspective, afin de g\u00e9rer vos acc\u00e8s et votre souscription \u00e0 votre compte client.<\/li>\n\n\n\n<li>notre int\u00e9r\u00eat l\u00e9gitime : par exemple, pour am\u00e9liorer nos services, assurer notre d\u00e9fense, s\u00e9curiser nos outils ou encore pour affiner notre connaissance client.<\/li>\n\n\n\n<li>lorsque vous nous avez indiqu\u00e9 votre consentement pour le traitement de vos donn\u00e9es notamment aux fins de gestion des informations personnalis\u00e9es, de vos donn\u00e9es de navigation via les cookies, etc.<\/li>\n<\/ul>\n\n\n\n<p><strong>Quels sont les destinataires de vos donn\u00e9es personnelles collect\u00e9es sur ce site ?&nbsp;<\/strong><\/p>\n\n\n\n<p>Vos donn\u00e9es \u00e0 caract\u00e8re personnel sont avant tout destin\u00e9es \u00e0 Forspective, \u00e9diteur du site et responsable du traitement. Elles sont trait\u00e9es par le personnel des diff\u00e9rents services concern\u00e9s par vos demandes tel que le service commercial et le service de la protection des donn\u00e9es personnelles. Elles sont trait\u00e9es uniquement pour les finalit\u00e9s indiqu\u00e9es pr\u00e9c\u00e9demment. Les donn\u00e9es \u00e0 caract\u00e8re personnel vous concernant peuvent \u00eatre trait\u00e9es ponctuellement par des donneurs d\u2019ordre de Forspective, (Financeurs publics, dans le cadre de l\u2019ex\u00e9cution de march\u00e9s ou du contr\u00f4le des activit\u00e9s) ou des sous-traitants au sens de l\u2019article 4.8 du RGPD) de fa\u00e7on encadr\u00e9e strictement. Elles ne sont jamais communiqu\u00e9es \u00e0 des tiers \u00e0 des fins commerciales.<\/p>\n\n\n\n<p><strong>Les donn\u00e9es personnelles sont-elles transf\u00e9r\u00e9es en dehors de l\u2019Union europ\u00e9enne ?<\/strong><\/p>\n\n\n\n<p>Les donn\u00e9es \u00e0 caract\u00e8re personnel collect\u00e9es par ce site internet ne sont pas transf\u00e9r\u00e9es \u00e0 des acteurs situ\u00e9s en dehors de l\u2019Union europ\u00e9enne. En cas de transfert contractuel des donn\u00e9es personnelles, Forspective veille \u00e0 ce que les destinataires soient bas\u00e9s dans l\u2019Union europ\u00e9enne. Forspective contr\u00f4le \u00e9galement la conformit\u00e9 au RGPD de tous les destinataires des donn\u00e9es.<\/p>\n\n\n\n<p><strong>Combien de temps conservons-nous vos donn\u00e9es personnelles ?&nbsp;<\/strong><\/p>\n\n\n\n<p>Vos donn\u00e9es sont n\u00e9cessaires pour la gestion de notre relation, dans le respect des obligations l\u00e9gales et r\u00e9glementaires applicables. Les donn\u00e9es personnelles collect\u00e9es sur notre site sont stock\u00e9es dans un fichier informatis\u00e9 par Forspective et sont conserv\u00e9es pendant 3 ans \u00e0 partir de votre dernier contact ou pendant toute la dur\u00e9e de la relation commerciale. Les pi\u00e8ces justificatives collect\u00e9es dans le cadre de l\u2019exercice de vos droits sont conserv\u00e9es le temps du traitement de votre demande, suivant les prescriptions de la CNIL.<\/p>\n\n\n\n<p><strong>Quels sont vos droits et comment les exercer ?&nbsp;<\/strong><\/p>\n\n\n\n<p>Forspective a adopt\u00e9 les pratiques de protection des donn\u00e9es et de s\u00e9curit\u00e9 d\u00e9crites dans cette politique de protection des donn\u00e9es personnelles pour tous les individus concern\u00e9s. En outre, nous avons \u00e9galement identifi\u00e9 et pris en compte les mesures de protection et de s\u00e9curit\u00e9 des donn\u00e9es requises au niveau local ou r\u00e9gional. Cela inclut, par exemple, ceux requis pour les r\u00e9sidents de l&rsquo;Union europ\u00e9enne \/ Espace \u00e9conomique europ\u00e9en en vertu du r\u00e8glement g\u00e9n\u00e9ral de l&rsquo;UE sur la protection des donn\u00e9es (RGPD) 2016\/679.<\/p>\n\n\n\n<p>Le RGPD fournit notamment les droits suivants :<\/p>\n\n\n\n<ul class=\"wp-block-list\">\n<li><strong>Droit \u00e0 l\u2019information<\/strong> : vous avez le droit d\u2019obtenir des informations claires, transparentes et compr\u00e9hensibles sur la fa\u00e7on dont nous utilisons vos donn\u00e9es personnelles et sur vos droits. Vous trouverez l\u2019ensemble de ces informations dans la pr\u00e9sente politique.<\/li>\n<\/ul>\n\n\n\n<ul class=\"wp-block-list\">\n<li><strong>Droit d\u2019acc\u00e8s<\/strong> : vous avez le droit d\u2019acc\u00e9der aux donn\u00e9es personnelles que Forsepctive d\u00e9tient \u00e0 votre sujet.&nbsp;<\/li>\n<\/ul>\n\n\n\n<p><em>Veuillez pr\u00e9ciser dans votre demande sur quelles donn\u00e9es ou quelles op\u00e9rations de traitement elle porte. Vos donn\u00e9es vous seront transmises par voie \u00e9lectronique ou par courrier postal, en recommand\u00e9 avec accus\u00e9 de r\u00e9ception. Forspective peut exiger le paiement de frais raisonnables bas\u00e9s sur les co\u00fbts administratifs pour toute copie suppl\u00e9mentaire demand\u00e9e (article 15.3 du RGPD). En cas de demandes manifestement infond\u00e9es ou excessives, Forspective peut exiger le paiement de frais raisonnables qui tiennent compte des co\u00fbts administratifs support\u00e9s pour fournir les informations ou refuser de donner suite \u00e0 ces demandes (article 12.5 du RGPD).<\/em><\/p>\n\n\n\n<ul class=\"wp-block-list\">\n<li><strong>Droit de rectification <\/strong>: vous avez le droit de faire rectifier vos donn\u00e9es personnelles si elles sont inexactes ou obsol\u00e8tes et \/ ou de les compl\u00e9ter si elles sont incompl\u00e8tes.&nbsp;<\/li>\n<\/ul>\n\n\n\n<p><em>Si vous estimez que des informations vous concernant sont erron\u00e9es et devraient \u00eatre rectifi\u00e9es, merci d\u2019indiquer pr\u00e9cis\u00e9ment les donn\u00e9es inexactes ou incompl\u00e8tes vous concernant, et de fournir toutes informations permettant de les corriger ou de les compl\u00e9ter (article 15 du RGPD).<\/em><\/p>\n\n\n\n<ul class=\"wp-block-list\">\n<li><strong>Droit \u00e0 l\u2019effacement \/ droit \u00e0 l\u2019oubli <\/strong>: vous avez le droit de faire effacer ou supprimer vos donn\u00e9es. Ce droit peut en revanche \u00eatre limit\u00e9 par un motif l\u00e9gal ou notre int\u00e9r\u00eat l\u00e9gitime \u00e0 conserver vos donn\u00e9es personnelles.&nbsp;<\/li>\n<\/ul>\n\n\n\n<p><em>Veuillez indiquer pr\u00e9cis\u00e9ment les donn\u00e9es vous concernant dont vous demandez l\u2019effacement, et les raisons de votre demande (article 17 du RGPD). \u00c0 noter : ce droit n\u2019est pas absolu, Forspective peut \u00eatre dans l\u2019obligation de conserver des informations vous concernant, notamment dans le cadre, de la gestion de la relation commerciale (gestion des factures, gestion du contentieux) et dans le cadre de la documentation et de la fourniture de preuve relative \u00e0 l\u2019exercice de vos droits.<\/em><\/p>\n\n\n\n<ul class=\"wp-block-list\">\n<li><strong>Droit d\u2019opposition <\/strong>: vous pouvez \u00e0 tout moment demander \u00e0 ne plus recevoir nos communications relatives \u00e0 nos offres, actualit\u00e9s et \u00e9v\u00e8nements. Vous pouvez \u00e9galement demander \u00e0 recevoir des communications non personnalis\u00e9es sur nos services.<\/li>\n<\/ul>\n\n\n\n<p><em>Veuillez indiquer pr\u00e9cis\u00e9ment le traitement de donn\u00e9es vous concernant auquel vous souhaitez vous opposer, et les raisons de votre demande. \u00c0 noter : ce droit n\u2019est pas absolu. Veuillez indiquer pr\u00e9cis\u00e9ment le traitement pour lequel vous vous opposez \u00e0 la gestion de vos donn\u00e9es personnelles, et les raisons de votre demande (article 21 du RGPD).&nbsp;<\/em><\/p>\n\n\n\n<ul class=\"wp-block-list\">\n<li><strong>Droit de retrait du consentement \u00e0 tout moment pour le traitement des donn\u00e9es fond\u00e9 sur le consentement<\/strong> : vous pouvez retirer votre consentement relatif \u00e0 notre traitement de vos donn\u00e9es lorsque ce traitement est fond\u00e9 sur le consentement.&nbsp;&nbsp;<\/li>\n<\/ul>\n\n\n\n<ul class=\"wp-block-list\">\n<li><strong>Droit de limitation de traitement : <\/strong>Vous avez le droit de demander \u00e0 Forspective<em> <\/em>de geler temporairement l&rsquo;utilisation de certaines de vos donn\u00e9es.<\/li>\n<\/ul>\n\n\n\n<p><em>Veuillez indiquer pr\u00e9cis\u00e9ment les donn\u00e9es vous concernant dont vous demandez la limitation du traitement, et les raisons de votre demande. \u00c0 noter : ce droit n\u2019est pas absolu, Forspective peut d\u00e9cider de poursuivre le traitement de vos donn\u00e9es (article 18.3 du RGPD). La limitation, si elle est mise en \u0153uvre, peut se traduire par la suspension de services assur\u00e9s par Forspective (acc\u00e8s aux travaux et livrables, r\u00e9ception d\u2019information, etc.). Ces incidences vous seront d\u00e9crites dans le courrier accusant r\u00e9ception de votre demande de limitation du traitement.<\/em><\/p>\n\n\n\n<ul class=\"wp-block-list\">\n<li><strong>Droit \u00e0 la portabilit\u00e9 des donn\u00e9es<\/strong> : vous avez le droit de d\u00e9placer, copier ou transf\u00e9rer des donn\u00e9es de notre base de donn\u00e9es vers une autre. Ce droit s\u2019applique uniquement aux donn\u00e9es que vous avez fournies, et \u00e0 condition que le traitement soit fond\u00e9 sur un contrat ou votre consentement et effectu\u00e9 \u00e0 l\u2019aide de proc\u00e9d\u00e9s automatis\u00e9s<\/li>\n<\/ul>\n\n\n\n<p><em>Chaque utilisateur peut \u00e0 tout moment faire une demande de portabilit\u00e9 des donn\u00e9es afin de r\u00e9cup\u00e9rer les donn\u00e9es personnelles que Forspective a collect\u00e9es sur lui dans le cadre des traitements fond\u00e9s sur le consentement et sur la base d\u2019un contrat. Si vous souhaitez que les donn\u00e9es soient transmises \u00e0 un autre responsable de traitement sous un format standard, merci de le pr\u00e9ciser et d\u2019indiquer les coordonn\u00e9es de cet autre responsable de traitement.<\/em><\/p>\n\n\n\n<p>Vous disposez \u00e9galement du droit de formuler des directives sp\u00e9cifiques ou g\u00e9n\u00e9rales concernant la conservation, l\u2019effacement et la communication de vos donn\u00e9es post-mortem.<\/p>\n\n\n\n<p>Ces droits peuvent \u00eatre exerc\u00e9s directement aupr\u00e8s de Forspective par&nbsp; courriel en \u00e9crivant \u00e0 philippe.duperray@forspective.com ou par courrier postal en \u00e9crivant \u00e0 Forspective \u2013 42 rue de l\u2019Indre \u2013 36000 CH\u00c2TEAUROUX, par l\u2019interm\u00e9diaire d\u2019un mandataire qui utilisera l\u2019un des canaux ci-dessus pour formuler la demande. Veuillez formuler chacune de vos demandes par l\u2019un des moyens ci-dessus en en joignant la copie d\u2019une pi\u00e8ce d\u2019identit\u00e9.<\/p>\n\n\n\n<p>Vous disposez \u00e9galement du droit d\u2019introduire une r\u00e9clamation aupr\u00e8s de la Commission Nationale Informatique et Libert\u00e9s (CNIL) 3 Place de Fontenoy &#8211; TSA 80715 &#8211; 75334 PARIS CEDEX 07.<\/p>\n\n\n\n<p>Nous souhaitons aussi vous renseigner sur les contacts des autres autorit\u00e9s en Europe que vous pouvez trouver et contacter sur le site du Comit\u00e9 Europ\u00e9en de la Protection des Donn\u00e9es : https:\/\/edpb.europa.eu\/about-edpb\/board\/members_fr<\/p>\n\n\n\n<p>Version mise \u00e0 jour en F\u00e9vrier 2024<\/p>\n\n\n\n<h5 class=\"wp-block-heading\"><\/h5>\n","protected":false},"excerpt":{"rendered":"<p>&nbsp; Forspective attache une importance particuli\u00e8re au traitement, \u00e0 la confidentialit\u00e9 et \u00e0 la s\u00e9curit\u00e9 de vos donn\u00e9es personnelles. La protection de vos donn\u00e9es \u00e0 caract\u00e8re personnel est un \u00e9l\u00e9ment essentiel de notre relation. Cette relation est fond\u00e9e sur un principe de transparence visant \u00e0 respecter votre vie priv\u00e9e conform\u00e9ment \u00e0 la r\u00e9glementation en vigueur [&hellip;]<\/p>\n","protected":false},"author":1,"featured_media":0,"parent":0,"menu_order":0,"comment_status":"closed","ping_status":"open","template":"","meta":{"footnotes":""},"class_list":["post-3","page","type-page","status-publish","hentry"],"_links":{"self":[{"href":"https:\/\/www.forspective.com\/index.php\/wp-json\/wp\/v2\/pages\/3","targetHints":{"allow":["GET"]}}],"collection":[{"href":"https:\/\/www.forspective.com\/index.php\/wp-json\/wp\/v2\/pages"}],"about":[{"href":"https:\/\/www.forspective.com\/index.php\/wp-json\/wp\/v2\/types\/page"}],"author":[{"embeddable":true,"href":"https:\/\/www.forspective.com\/index.php\/wp-json\/wp\/v2\/users\/1"}],"replies":[{"embeddable":true,"href":"https:\/\/www.forspective.com\/index.php\/wp-json\/wp\/v2\/comments?post=3"}],"version-history":[{"count":6,"href":"https:\/\/www.forspective.com\/index.php\/wp-json\/wp\/v2\/pages\/3\/revisions"}],"predecessor-version":[{"id":272,"href":"https:\/\/www.forspective.com\/index.php\/wp-json\/wp\/v2\/pages\/3\/revisions\/272"}],"wp:attachment":[{"href":"https:\/\/www.forspective.com\/index.php\/wp-json\/wp\/v2\/media?parent=3"}],"curies":[{"name":"wp","href":"https:\/\/api.w.org\/{rel}","templated":true}]}}