{"id":54,"date":"2023-11-12T15:42:16","date_gmt":"2023-11-12T14:42:16","guid":{"rendered":"https:\/\/forspective.com\/wd\/?page_id=54"},"modified":"2023-11-23T19:15:38","modified_gmt":"2023-11-23T18:15:38","slug":"a-propos","status":"publish","type":"page","link":"https:\/\/www.forspective.com\/index.php\/a-propos\/","title":{"rendered":"A propos"},"content":{"rendered":"\n<h3 class=\"wp-block-heading\">Qui sommes-nous ?<\/h3>\n\n\n\n<p>Fort d\u2019une exp\u00e9rience de 25 ans dans le domaine de l&rsquo;\u00e9quipement industriel, en l\u2019occurrence celui de la machine sp\u00e9ciale de conditionnement, Philippe Duperray cr\u00e9e Forspective en 2017. <\/p>\n\n\n\n<p>S&rsquo;appuyant sur les qualit\u00e9s techniques, organisationnelles et commerciales de son fondateur, Forspective apporte des solutions pertinentes et innovantes \u00e0 ses clients.<\/p>\n\n\n\n<hr class=\"wp-block-separator has-alpha-channel-opacity\"\/>\n\n\n\n<figure class=\"wp-block-image size-large\"><img loading=\"lazy\" decoding=\"async\" width=\"1024\" height=\"683\" src=\"https:\/\/www.forspective.com\/wp-content\/uploads\/2023\/11\/28A9823-1024x683.jpg\" alt=\"\" class=\"wp-image-235\" srcset=\"https:\/\/www.forspective.com\/wp-content\/uploads\/2023\/11\/28A9823-1024x683.jpg 1024w, https:\/\/www.forspective.com\/wp-content\/uploads\/2023\/11\/28A9823-300x200.jpg 300w, https:\/\/www.forspective.com\/wp-content\/uploads\/2023\/11\/28A9823-768x512.jpg 768w, https:\/\/www.forspective.com\/wp-content\/uploads\/2023\/11\/28A9823-1536x1024.jpg 1536w, https:\/\/www.forspective.com\/wp-content\/uploads\/2023\/11\/28A9823-2048x1365.jpg 2048w\" sizes=\"auto, (max-width: 1024px) 100vw, 1024px\" \/><\/figure>\n\n\n\n<h3 class=\"wp-block-heading\">Notre expertise<\/h3>\n\n\n\n<p>Nous nous appuyons sur des technologies innovantes pour accompagner votre transition industrielle dans une optique d&rsquo;automatisation, d&rsquo;agilit\u00e9 et de performance. Forspective apporte des solutions d&rsquo;optimisation pour les fins de ligne, particuli\u00e8rement de la manipulation des emballages primaires et au conditionnement secondaire.<br>Notre projet&nbsp;Sweep\u2019x \u2122 ouvre des possibilit\u00e9s in\u00e9dites en terme d&rsquo;accumulation et de lotage.<\/p>\n\n\n\n<div style=\"height:50px\" aria-hidden=\"true\" class=\"wp-block-spacer\"><\/div>\n\n\n\t\t<div class='wp-block-tlgb-b-timeline-block align' id='tlgbTimeline-d2e9be1a-e' data-attributes='{&quot;cId&quot;:&quot;d2e9be1a-e&quot;,&quot;timelines&quot;:[{&quot;label&quot;:&quot;&lt;strong&gt;2017&lt;\\\/strong&gt;&quot;,&quot;description&quot;:&quot;Cr\\u00e9ation de Forspective &lt;br&gt;&lt;br&gt;&lt;img class=\\&quot;wp-image-16\\&quot; style=\\&quot;width: 150px;\\&quot; src=\\&quot;http:\\\/\\\/forspective.com\\\/wd\\\/wp-content\\\/uploads\\\/2023\\\/11\\\/logo-fond-transparent-1.png\\&quot; alt=\\&quot;\\&quot;&gt;&quot;},{&quot;label&quot;:&quot;&lt;strong&gt;2018&lt;\\\/strong&gt;&quot;,&quot;description&quot;:&quot;Partenariats cl\\u00e9s avec un leader mondial du &lt;em&gt;beverage&lt;\\\/em&gt;&quot;},{&quot;label&quot;:&quot;&lt;strong&gt;2019&lt;\\\/strong&gt;&quot;,&quot;description&quot;:&quot;Cr\\u00e9ation de l&#039;atelier de prototypage \\u00e0 Fourneaux (42)&quot;},{&quot;label&quot;:&quot;&lt;strong&gt;2021&lt;\\\/strong&gt;&quot;,&quot;description&quot;:&quot;Pr\\u00e9sentation du prototype Sweep&#039;x \\u00e0 Lyon&lt;img class=\\&quot;wp-image-120\\&quot; style=\\&quot;width: 150px;\\&quot; src=\\&quot;http:\\\/\\\/forspective.com\\\/wd\\\/wp-content\\\/uploads\\\/2023\\\/11\\\/le_salon_europack_euromanut_cfia_dev_525552_a.jpeg\\&quot; alt=\\&quot;\\&quot;&gt;&quot;},{&quot;label&quot;:&quot;&lt;strong&gt;2023&lt;\\\/strong&gt;&quot;,&quot;description&quot;:&quot;Sweep&#039;x atteint une cadence  +70k bouteilles\\\/h ! &quot;}],&quot;align&quot;:&quot;&quot;,&quot;type&quot;:&quot;vertical&quot;,&quot;labelLocation&quot;:&quot;right&quot;,&quot;startIndex&quot;:1,&quot;vigibleItems&quot;:4,&quot;moveItem&quot;:2,&quot;verticalTrigger&quot;:&quot;150px&quot;,&quot;rtlMode&quot;:false,&quot;barBackground&quot;:&quot;#dddddd&quot;,&quot;barDotColor&quot;:&quot;#dddddd&quot;,&quot;itemBg&quot;:&quot;#ffffff&quot;,&quot;itemColor&quot;:&quot;#333333&quot;,&quot;itemTypo&quot;:{&quot;fontSize&quot;:{&quot;desktop&quot;:14,&quot;tablet&quot;:14,&quot;mobile&quot;:14}},&quot;itemBorder&quot;:{&quot;width&quot;:&quot;1px&quot;,&quot;color&quot;:&quot;#cccccc&quot;},&quot;labelTypo&quot;:{&quot;fontSize&quot;:{&quot;desktop&quot;:16,&quot;tablet&quot;:16,&quot;mobile&quot;:16}},&quot;labelColor&quot;:&quot;#222222&quot;}'>\r\n\t\t\t<style>\r\n\t\t\t\t#tlgbTimeline-d2e9be1a-e .timeline .timeline__content label{ font-weight: 400;font-size: 16px;font-style: normal;text-transform: none;text-decoration: auto;line-height: 135%;letter-spacing: 0px; } @media (max-width: 768px) { #tlgbTimeline-d2e9be1a-e .timeline .timeline__content label{ font-size: 16px; } } @media (max-width: 576px) { #tlgbTimeline-d2e9be1a-e .timeline .timeline__content label{ font-size: 16px; } }#tlgbTimeline-d2e9be1a-e .timeline .timeline__content p{ font-weight: 400;font-size: 14px;font-style: normal;text-transform: none;text-decoration: auto;line-height: 135%;letter-spacing: 0px; } @media (max-width: 768px) { #tlgbTimeline-d2e9be1a-e .timeline .timeline__content p{ font-size: 14px; } } @media (max-width: 576px) { #tlgbTimeline-d2e9be1a-e .timeline .timeline__content p{ font-size: 14px; } }#tlgbTimeline-d2e9be1a-e .timeline .timeline__content {  background: #ffffff; border: 1px solid #cccccc; }#tlgbTimeline-d2e9be1a-e .timeline .timeline__content label {  color: #222222; }#tlgbTimeline-d2e9be1a-e .timeline .timeline__content p {  color: #333333; }#tlgbTimeline-d2e9be1a-e .timeline__item::after {  background-color: #ffffff; border: 5px solid #dddddd; }#tlgbTimeline-d2e9be1a-e .timeline--horizontal .timeline-divider, #tlgbTimeline-d2e9be1a-e .timeline:not(.timeline--horizontal)::before {  background-color: #dddddd; }#tlgbTimeline-d2e9be1a-e .timeline__item.timeline__item--left .timeline__content::before {  border-left: 11px solid #cccccc; }#tlgbTimeline-d2e9be1a-e .timeline__item.timeline__item--right .timeline__content::before {  border-right: 12px solid #cccccc; }#tlgbTimeline-d2e9be1a-e .timeline__item.timeline__item--left .timeline__content::after {  border-left: 11px solid #ffffff; }#tlgbTimeline-d2e9be1a-e .timeline__item.timeline__item--right .timeline__content::after {  border-right: 12px solid #ffffff; }#tlgbTimeline-d2e9be1a-e .timeline__item.timeline__item--top .timeline__content::before {  border-top: 14px solid #cccccc; border-bottom: none; }#tlgbTimeline-d2e9be1a-e .timeline__item.timeline__item--bottom .timeline__content::before {  border-bottom: 14px solid #cccccc; border-top: none; }#tlgbTimeline-d2e9be1a-e .timeline__item--top .timeline__content::after {  border-top: 12px solid #ffffff; border-bottom: none; }#tlgbTimeline-d2e9be1a-e .timeline__item--bottom .timeline__content::after {  border-bottom: 12px solid #ffffff; border-top: none; }#tlgbTimeline-d2e9be1a-e .timeline--mobile .timeline__item .timeline__content::before {  border-right: 12px solid #cccccc; border-left: none; }#tlgbTimeline-d2e9be1a-e .timeline--mobile .timeline__item .timeline__content::after {  border-right: 12px solid #ffffff; border-left: none; }#tlgbTimeline-d2e9be1a-e .timeline-nav-button {  background-color: #fff; border: 2px solid #dddddd; }\t\t\t<\/style>\r\n\r\n\t\t\t<div class='timeline tlgbTimeline'>\r\n\t\t\t\t<div class='timeline__wrap'>\r\n\t\t\t\t\t<div class='timeline__items'>\r\n\t\t\t\t\t\t\t\t\t\t\t\t\t<div class='timeline__item fadeIn' id='tlgbTimelineItem-0'>\r\n\t\t\t\t\t\t\t\t<div class='timeline__content'>\r\n\t\t\t\t\t\t\t\t\t<label><strong>2017<\/strong><\/label>\r\n\r\n\t\t\t\t\t\t\t\t\t<p>Cr\u00e9ation de Forspective <br><br><img loading=\"lazy\" decoding=\"async\" width=\"2480\" height=\"638\" class=\"wp-image-16\" style=\"width: 150px\" src=\"http:\/\/forspective.com\/wd\/wp-content\/uploads\/2023\/11\/logo-fond-transparent-1.png\" alt=\"\" srcset=\"https:\/\/www.forspective.com\/wp-content\/uploads\/2023\/11\/logo-fond-transparent-1.png 2480w, https:\/\/www.forspective.com\/wp-content\/uploads\/2023\/11\/logo-fond-transparent-1-300x77.png 300w, https:\/\/www.forspective.com\/wp-content\/uploads\/2023\/11\/logo-fond-transparent-1-1024x263.png 1024w, https:\/\/www.forspective.com\/wp-content\/uploads\/2023\/11\/logo-fond-transparent-1-768x198.png 768w, https:\/\/www.forspective.com\/wp-content\/uploads\/2023\/11\/logo-fond-transparent-1-1536x395.png 1536w, https:\/\/www.forspective.com\/wp-content\/uploads\/2023\/11\/logo-fond-transparent-1-2048x527.png 2048w\" sizes=\"auto, (max-width: 2480px) 100vw, 2480px\" \/><\/p>\r\n\t\t\t\t\t\t\t\t<\/div>\r\n\t\t\t\t\t\t\t<\/div> <!-- Timeline Item -->\r\n\t\t\t\t\t\t\t\t\t\t\t\t\t<div class='timeline__item fadeIn' id='tlgbTimelineItem-1'>\r\n\t\t\t\t\t\t\t\t<div class='timeline__content'>\r\n\t\t\t\t\t\t\t\t\t<label><strong>2018<\/strong><\/label>\r\n\r\n\t\t\t\t\t\t\t\t\t<p>Partenariats cl\u00e9s avec un leader mondial du <em>beverage<\/em><\/p>\r\n\t\t\t\t\t\t\t\t<\/div>\r\n\t\t\t\t\t\t\t<\/div> <!-- Timeline Item -->\r\n\t\t\t\t\t\t\t\t\t\t\t\t\t<div class='timeline__item fadeIn' id='tlgbTimelineItem-2'>\r\n\t\t\t\t\t\t\t\t<div class='timeline__content'>\r\n\t\t\t\t\t\t\t\t\t<label><strong>2019<\/strong><\/label>\r\n\r\n\t\t\t\t\t\t\t\t\t<p>Cr\u00e9ation de l&rsquo;atelier de prototypage \u00e0 Fourneaux (42)<\/p>\r\n\t\t\t\t\t\t\t\t<\/div>\r\n\t\t\t\t\t\t\t<\/div> <!-- Timeline Item -->\r\n\t\t\t\t\t\t\t\t\t\t\t\t\t<div class='timeline__item fadeIn' id='tlgbTimelineItem-3'>\r\n\t\t\t\t\t\t\t\t<div class='timeline__content'>\r\n\t\t\t\t\t\t\t\t\t<label><strong>2021<\/strong><\/label>\r\n\r\n\t\t\t\t\t\t\t\t\t<p>Pr\u00e9sentation du prototype Sweep&rsquo;x \u00e0 Lyon<img loading=\"lazy\" decoding=\"async\" width=\"667\" height=\"438\" class=\"wp-image-120\" style=\"width: 150px\" src=\"http:\/\/forspective.com\/wd\/wp-content\/uploads\/2023\/11\/le_salon_europack_euromanut_cfia_dev_525552_a.jpeg\" alt=\"\" srcset=\"https:\/\/www.forspective.com\/wp-content\/uploads\/2023\/11\/le_salon_europack_euromanut_cfia_dev_525552_a.jpeg 667w, https:\/\/www.forspective.com\/wp-content\/uploads\/2023\/11\/le_salon_europack_euromanut_cfia_dev_525552_a-300x197.jpeg 300w\" sizes=\"auto, (max-width: 667px) 100vw, 667px\" \/><\/p>\r\n\t\t\t\t\t\t\t\t<\/div>\r\n\t\t\t\t\t\t\t<\/div> <!-- Timeline Item -->\r\n\t\t\t\t\t\t\t\t\t\t\t\t\t<div class='timeline__item fadeIn' id='tlgbTimelineItem-4'>\r\n\t\t\t\t\t\t\t\t<div class='timeline__content'>\r\n\t\t\t\t\t\t\t\t\t<label><strong>2023<\/strong><\/label>\r\n\r\n\t\t\t\t\t\t\t\t\t<p>Sweep&rsquo;x atteint une cadence  +70k bouteilles\/h ! <\/p>\r\n\t\t\t\t\t\t\t\t<\/div>\r\n\t\t\t\t\t\t\t<\/div> <!-- Timeline Item -->\r\n\t\t\t\t\t\t\t\t\t\t\t<\/div> <!-- Timeline Items -->\r\n\t\t\t\t<\/div> <!-- Timeline Wrap -->\r\n\t\t\t<\/div> <!-- Timeline -->\r\n\t\t<\/div> <!-- Timeline Block -->\r\n\r\n\t\t","protected":false},"excerpt":{"rendered":"<p>Qui sommes-nous ? Fort d\u2019une exp\u00e9rience de 25 ans dans le domaine de l&rsquo;\u00e9quipement industriel, en l\u2019occurrence celui de la machine sp\u00e9ciale de conditionnement, Philippe Duperray cr\u00e9e Forspective en 2017. S&rsquo;appuyant sur les qualit\u00e9s techniques, organisationnelles et commerciales de son fondateur, Forspective apporte des solutions pertinentes et innovantes \u00e0 ses clients. Notre expertise Nous nous [&hellip;]<\/p>\n","protected":false},"author":1,"featured_media":0,"parent":0,"menu_order":0,"comment_status":"closed","ping_status":"closed","template":"","meta":{"footnotes":""},"class_list":["post-54","page","type-page","status-publish","hentry"],"_links":{"self":[{"href":"https:\/\/www.forspective.com\/index.php\/wp-json\/wp\/v2\/pages\/54","targetHints":{"allow":["GET"]}}],"collection":[{"href":"https:\/\/www.forspective.com\/index.php\/wp-json\/wp\/v2\/pages"}],"about":[{"href":"https:\/\/www.forspective.com\/index.php\/wp-json\/wp\/v2\/types\/page"}],"author":[{"embeddable":true,"href":"https:\/\/www.forspective.com\/index.php\/wp-json\/wp\/v2\/users\/1"}],"replies":[{"embeddable":true,"href":"https:\/\/www.forspective.com\/index.php\/wp-json\/wp\/v2\/comments?post=54"}],"version-history":[{"count":8,"href":"https:\/\/www.forspective.com\/index.php\/wp-json\/wp\/v2\/pages\/54\/revisions"}],"predecessor-version":[{"id":238,"href":"https:\/\/www.forspective.com\/index.php\/wp-json\/wp\/v2\/pages\/54\/revisions\/238"}],"wp:attachment":[{"href":"https:\/\/www.forspective.com\/index.php\/wp-json\/wp\/v2\/media?parent=54"}],"curies":[{"name":"wp","href":"https:\/\/api.w.org\/{rel}","templated":true}]}}