{"id":56,"date":"2023-11-12T15:43:11","date_gmt":"2023-11-12T14:43:11","guid":{"rendered":"https:\/\/forspective.com\/wd\/?page_id=56"},"modified":"2023-11-16T22:10:55","modified_gmt":"2023-11-16T21:10:55","slug":"nos-solutions","status":"publish","type":"page","link":"https:\/\/www.forspective.com\/index.php\/nos-solutions\/","title":{"rendered":"Solution Sweep\u2019x \u2122"},"content":{"rendered":"\n<div class=\"wp-block-cover alignwide\" style=\"min-height:362px;aspect-ratio:unset;\"><span aria-hidden=\"true\" class=\"wp-block-cover__background has-background-dim\"><\/span><img loading=\"lazy\" decoding=\"async\" width=\"2560\" height=\"1703\" class=\"wp-block-cover__image-background wp-image-97\" alt=\"\" src=\"http:\/\/forspective.com\/wd\/wp-content\/uploads\/2023\/11\/iStock-1407730962-1-scaled.jpg\" data-object-fit=\"cover\" srcset=\"https:\/\/www.forspective.com\/wp-content\/uploads\/2023\/11\/iStock-1407730962-1-scaled.jpg 2560w, https:\/\/www.forspective.com\/wp-content\/uploads\/2023\/11\/iStock-1407730962-1-300x200.jpg 300w, https:\/\/www.forspective.com\/wp-content\/uploads\/2023\/11\/iStock-1407730962-1-1024x681.jpg 1024w, https:\/\/www.forspective.com\/wp-content\/uploads\/2023\/11\/iStock-1407730962-1-768x511.jpg 768w\" sizes=\"auto, (max-width: 2560px) 100vw, 2560px\" \/><div class=\"wp-block-cover__inner-container has-global-padding is-layout-constrained wp-block-cover-is-layout-constrained\">\n<p class=\"has-text-align-center has-large-font-size\">Sweep\u2019x \u2122 ouvre des possibilit\u00e9s in\u00e9dites en terme d&rsquo;accumulation et de lotage<\/p>\n<\/div><\/div>\n\n\n\n<div style=\"height:25px\" aria-hidden=\"true\" class=\"wp-block-spacer\"><\/div>\n\n\n\n<p>Le projet Sweep\u2019x \u2122 ouvre des possibilit\u00e9s de manipulation flexibles de produits sur une cha\u00eene de production \u00e0 hautes cadences<\/p>\n\n\n\n<div style=\"height:16px\" aria-hidden=\"true\" class=\"wp-block-spacer\"><\/div>\n\n\n\n<h2 class=\"wp-block-heading\">Vid\u00e9o<\/h2>\n\n\n\n<figure class=\"wp-block-embed is-type-rich is-provider-prise-en-charge-des-contenus-embarqu-s wp-block-embed-prise-en-charge-des-contenus-embarqu-s wp-embed-aspect-16-9 wp-has-aspect-ratio\"><div class=\"wp-block-embed__wrapper\">\n<iframe loading=\"lazy\" title=\"Sweep&#039;X - FIFO dynamic accumulator - Integrated divider-grouper\" width=\"500\" height=\"281\" src=\"https:\/\/www.youtube.com\/embed\/oSXIMeZtRQc?feature=oembed\" frameborder=\"0\" allow=\"accelerometer; autoplay; clipboard-write; encrypted-media; gyroscope; picture-in-picture; web-share\" referrerpolicy=\"strict-origin-when-cross-origin\" allowfullscreen><\/iframe>\n<\/div><\/figure>\n\n\n\n<div style=\"height:27px\" aria-hidden=\"true\" class=\"wp-block-spacer\"><\/div>\n\n\n\n<h2 class=\"wp-block-heading\">Brochure<\/h2>\n\n\n\n<div data-wp-interactive=\"core\/file\" class=\"wp-block-file\"><object data-wp-bind--hidden=\"!state.hasPdfPreview\" hidden class=\"wp-block-file__embed\" data=\"https:\/\/forspective.com\/wd\/wp-content\/uploads\/2023\/11\/FR-Sweepx-brochure-2022.pdf\" type=\"application\/pdf\" style=\"width:100%;height:600px\" aria-label=\"Contenu embarqu\u00e9 FR-Sweepx-brochure-2022.\"><\/object><a id=\"wp-block-file--media-38eab880-0f5f-4c56-bd02-797e6ffc4526\" href=\"https:\/\/forspective.com\/wd\/wp-content\/uploads\/2023\/11\/FR-Sweepx-brochure-2022.pdf\">FR-Sweepx-brochure-2022<\/a><a href=\"https:\/\/forspective.com\/wd\/wp-content\/uploads\/2023\/11\/FR-Sweepx-brochure-2022.pdf\" class=\"wp-block-file__button wp-element-button\" download aria-describedby=\"wp-block-file--media-38eab880-0f5f-4c56-bd02-797e6ffc4526\">T\u00e9l\u00e9charger<\/a><\/div>\n\n\n\n<div style=\"height:38px\" aria-hidden=\"true\" class=\"wp-block-spacer\"><\/div>\n\n\n\n<div class=\"wp-block-group alignfull has-accent-5-background-color has-background has-global-padding is-layout-constrained wp-container-core-group-is-layout-d89aad35 wp-block-group-is-layout-constrained\" style=\"margin-top:0;margin-bottom:0;padding-top:var(--wp--preset--spacing--50);padding-right:var(--wp--preset--spacing--50);padding-bottom:var(--wp--preset--spacing--50);padding-left:var(--wp--preset--spacing--50)\">\n<div class=\"wp-block-columns alignwide is-layout-flex wp-container-core-columns-is-layout-1da03c2a wp-block-columns-is-layout-flex\">\n<div class=\"wp-block-column is-vertically-aligned-center is-layout-flow wp-block-column-is-layout-flow\" style=\"flex-basis:60%\">\n<figure class=\"wp-block-image size-large is-style-rounded is-style-rounded--1\"><img loading=\"lazy\" decoding=\"async\" width=\"1024\" height=\"480\" src=\"https:\/\/www.forspective.com\/wd\/wp-content\/uploads\/2023\/11\/Screenshot-2023-11-16-at-00.11.42-1024x480.png\" alt=\"\" class=\"wp-image-201\" srcset=\"https:\/\/www.forspective.com\/wp-content\/uploads\/2023\/11\/Screenshot-2023-11-16-at-00.11.42-1024x480.png 1024w, https:\/\/www.forspective.com\/wp-content\/uploads\/2023\/11\/Screenshot-2023-11-16-at-00.11.42-300x141.png 300w, https:\/\/www.forspective.com\/wp-content\/uploads\/2023\/11\/Screenshot-2023-11-16-at-00.11.42-768x360.png 768w, https:\/\/www.forspective.com\/wp-content\/uploads\/2023\/11\/Screenshot-2023-11-16-at-00.11.42-1536x720.png 1536w, https:\/\/www.forspective.com\/wp-content\/uploads\/2023\/11\/Screenshot-2023-11-16-at-00.11.42.png 1860w\" sizes=\"auto, (max-width: 1024px) 100vw, 1024px\" \/><figcaption class=\"wp-element-caption\">Vues lat\u00e9rale et sup\u00e9rieure du diviseur-canalisateur int\u00e9gr\u00e9 Sweep&rsquo;x \u2122<\/figcaption><\/figure>\n<\/div>\n\n\n\n<div class=\"wp-block-column is-vertically-aligned-center is-layout-flow wp-block-column-is-layout-flow\" style=\"flex-basis:40%\">\n<h2 class=\"wp-block-heading\">Exemple d&rsquo;application n\u00b01<br><strong>Division-Regroupement<\/strong><\/h2>\n\n\n\n<ul class=\"wp-block-list\">\n<li>Emballages primaires individuels<\/li>\n\n\n\n<li>Bouteilles en verre \/ bouteilles en plastique \/ bouteilles en alu, canettes, gobelets, flacons, bocaux&#8230;<\/li>\n\n\n\n<li>Diam\u00e8tre : 50mm \u00e0 100mm<\/li>\n\n\n\n<li>Vitesse attendue de la ligne : 5 000 \u00e0 60 000 produits\/h selon les caract\u00e9ristiques du produit<\/li>\n\n\n\n<li>Configuration en sortie : par groupe de 4x \u00e0 24x, sur une ou plusieurs lignes selon les besoins du client<\/li>\n<\/ul>\n\n\n\n<div class=\"wp-block-buttons is-layout-flex wp-block-buttons-is-layout-flex\">\n<div class=\"wp-block-button\"><a class=\"wp-block-button__link has-text-align-left wp-element-button\">Vid\u00e9o<\/a><\/div>\n<\/div>\n<\/div>\n<\/div>\n<\/div>\n\n\n\n<div class=\"wp-block-group alignfull has-accent-5-background-color has-background has-global-padding is-layout-constrained wp-container-core-group-is-layout-d89aad35 wp-block-group-is-layout-constrained\" style=\"margin-top:0;margin-bottom:0;padding-top:var(--wp--preset--spacing--50);padding-right:var(--wp--preset--spacing--50);padding-bottom:var(--wp--preset--spacing--50);padding-left:var(--wp--preset--spacing--50)\">\n<div class=\"wp-block-columns alignwide is-layout-flex wp-container-core-columns-is-layout-1da03c2a wp-block-columns-is-layout-flex\">\n<div class=\"wp-block-column is-layout-flow wp-block-column-is-layout-flow\" style=\"flex-basis:40%\">\n<h2 class=\"wp-block-heading\"><strong>Avantages<\/strong><\/h2>\n\n\n\n<ul class=\"wp-block-list\">\n<li>Manipulation douce des produits<\/li>\n\n\n\n<li>Changement de format automatique<\/li>\n\n\n\n<li>Technologie de pointe et mouvement servo-motoris\u00e9, maintenance facile et r\u00e9duite<\/li>\n\n\n\n<li>Flexible, groupement par paquets de x2 \u00e0 x24 ou plus<\/li>\n\n\n\n<li>Lotage id\u00e9alement pr\u00e9par\u00e9 pour les \u00e9quipements en aval (pas besoin de re-s\u00e9lection des produits)<\/li>\n\n\n\n<li>Solution ultra compacte (longueur totale &lt; 2 m\u00e8tres)<\/li>\n<\/ul>\n<\/div>\n\n\n\n<div class=\"wp-block-column is-vertically-aligned-center is-layout-flow wp-block-column-is-layout-flow\" style=\"flex-basis:60%\">\n<figure class=\"wp-block-image size-large is-resized is-style-rounded is-style-rounded--2\"><img loading=\"lazy\" decoding=\"async\" width=\"1024\" height=\"529\" src=\"https:\/\/www.forspective.com\/wd\/wp-content\/uploads\/2023\/11\/Screenshot-2023-11-16-at-18.47.59-1024x529.png\" alt=\"\" class=\"wp-image-209\" style=\"width:678px;height:auto\" srcset=\"https:\/\/www.forspective.com\/wp-content\/uploads\/2023\/11\/Screenshot-2023-11-16-at-18.47.59-1024x529.png 1024w, https:\/\/www.forspective.com\/wp-content\/uploads\/2023\/11\/Screenshot-2023-11-16-at-18.47.59-300x155.png 300w, https:\/\/www.forspective.com\/wp-content\/uploads\/2023\/11\/Screenshot-2023-11-16-at-18.47.59-768x396.png 768w, https:\/\/www.forspective.com\/wp-content\/uploads\/2023\/11\/Screenshot-2023-11-16-at-18.47.59-1536x793.png 1536w, https:\/\/www.forspective.com\/wp-content\/uploads\/2023\/11\/Screenshot-2023-11-16-at-18.47.59.png 1844w\" sizes=\"auto, (max-width: 1024px) 100vw, 1024px\" \/><figcaption class=\"wp-element-caption\">Aper\u00e7u du diviseur-canalisateur int\u00e9gr\u00e9 Sweep&rsquo;x \u2122<\/figcaption><\/figure>\n<\/div>\n<\/div>\n<\/div>\n\n\n\n<div class=\"wp-block-group alignfull has-accent-5-background-color has-background has-global-padding is-layout-constrained wp-container-core-group-is-layout-d89aad35 wp-block-group-is-layout-constrained\" style=\"margin-top:0;margin-bottom:0;padding-top:var(--wp--preset--spacing--50);padding-right:var(--wp--preset--spacing--50);padding-bottom:var(--wp--preset--spacing--50);padding-left:var(--wp--preset--spacing--50)\">\n<div class=\"wp-block-columns alignwide is-layout-flex wp-container-core-columns-is-layout-1da03c2a wp-block-columns-is-layout-flex\">\n<div class=\"wp-block-column is-vertically-aligned-center is-layout-flow wp-block-column-is-layout-flow\" style=\"flex-basis:60%\">\n<figure class=\"wp-block-image size-large is-style-rounded is-style-rounded--3\"><img loading=\"lazy\" decoding=\"async\" width=\"1024\" height=\"499\" src=\"https:\/\/www.forspective.com\/wd\/wp-content\/uploads\/2023\/11\/Screenshot-2023-11-16-at-18.50.32-1024x499.png\" alt=\"\" class=\"wp-image-211\" srcset=\"https:\/\/www.forspective.com\/wp-content\/uploads\/2023\/11\/Screenshot-2023-11-16-at-18.50.32-1024x499.png 1024w, https:\/\/www.forspective.com\/wp-content\/uploads\/2023\/11\/Screenshot-2023-11-16-at-18.50.32-300x146.png 300w, https:\/\/www.forspective.com\/wp-content\/uploads\/2023\/11\/Screenshot-2023-11-16-at-18.50.32-768x374.png 768w, https:\/\/www.forspective.com\/wp-content\/uploads\/2023\/11\/Screenshot-2023-11-16-at-18.50.32-1536x749.png 1536w, https:\/\/www.forspective.com\/wp-content\/uploads\/2023\/11\/Screenshot-2023-11-16-at-18.50.32.png 1768w\" sizes=\"auto, (max-width: 1024px) 100vw, 1024px\" \/><\/figure>\n<\/div>\n\n\n\n<div class=\"wp-block-column is-vertically-aligned-center is-layout-flow wp-block-column-is-layout-flow\" style=\"flex-basis:40%\">\n<h2 class=\"wp-block-heading\">Exemple d&rsquo;application n\u00b02<br><strong>Accumulation dynamique FIFO<\/strong><\/h2>\n\n\n\n<ul class=\"wp-block-list\">\n<li>Emballages primaires individuels<\/li>\n\n\n\n<li>Bouteilles en verre, en plastique ou en alu, canettes, gobelets, flacons, bocaux, etc.<\/li>\n\n\n\n<li>Section du produit : 50mm \u00e0 100mm<\/li>\n\n\n\n<li>Vitesse attendue de la ligne : 5 000 \u00e0 60 000 produits\/h selon les caract\u00e9ristiques du produit<\/li>\n\n\n\n<li>Accumulation : 1 \u00e0 5 minutes selon la configuration<\/li>\n\n\n\n<li>Largeur et longueur : configurables, en fonction du temps d&rsquo;accumulation et des besoins d&#8217;emprise au sol<\/li>\n<\/ul>\n\n\n\n<div class=\"wp-block-buttons is-layout-flex wp-block-buttons-is-layout-flex\">\n<div class=\"wp-block-button\"><a class=\"wp-block-button__link has-text-align-left wp-element-button\">Vid\u00e9o<\/a><\/div>\n<\/div>\n<\/div>\n<\/div>\n<\/div>\n\n\n\n<div class=\"wp-block-group alignfull has-accent-5-background-color has-background has-global-padding is-layout-constrained wp-container-core-group-is-layout-d89aad35 wp-block-group-is-layout-constrained\" style=\"margin-top:0;margin-bottom:0;padding-top:var(--wp--preset--spacing--50);padding-right:var(--wp--preset--spacing--50);padding-bottom:var(--wp--preset--spacing--50);padding-left:var(--wp--preset--spacing--50)\">\n<div class=\"wp-block-columns alignwide is-layout-flex wp-container-core-columns-is-layout-1da03c2a wp-block-columns-is-layout-flex\">\n<div class=\"wp-block-column is-layout-flow wp-block-column-is-layout-flow\" style=\"flex-basis:40%\">\n<h2 class=\"wp-block-heading\"><strong>Avantages<\/strong><\/h2>\n\n\n\n<ul class=\"wp-block-list\">\n<li>Manipulation douce des produits, contact minimal entre deux produits cons\u00e9cutifs<\/li>\n\n\n\n<li>Evacuation FIFO (<em>First In First Out<\/em>), permettant une tra\u00e7abilit\u00e9 des produits<\/li>\n\n\n\n<li>Configurable (longueur \/ largeur) en fonction des besoins du client<\/li>\n\n\n\n<li>Technologie de pointe et mouvement servo-motoris\u00e9, maintenance facile<\/li>\n\n\n\n<li>Changement automatique<\/li>\n\n\n\n<li>Fonction de diviseur int\u00e9gr\u00e9e en option \u00e0 la sortie (produits potentiellement rang\u00e9s sur plusieurs voies)<\/li>\n<\/ul>\n<\/div>\n\n\n\n<div class=\"wp-block-column is-vertically-aligned-center is-layout-flow wp-block-column-is-layout-flow\" style=\"flex-basis:60%\">\n<figure class=\"wp-block-image size-large is-style-rounded is-style-rounded--4\"><img loading=\"lazy\" decoding=\"async\" width=\"1024\" height=\"727\" src=\"https:\/\/www.forspective.com\/wd\/wp-content\/uploads\/2023\/11\/Screenshot-2023-11-16-at-18.51.28-1024x727.png\" alt=\"\" class=\"wp-image-212\" srcset=\"https:\/\/www.forspective.com\/wp-content\/uploads\/2023\/11\/Screenshot-2023-11-16-at-18.51.28-1024x727.png 1024w, https:\/\/www.forspective.com\/wp-content\/uploads\/2023\/11\/Screenshot-2023-11-16-at-18.51.28-300x213.png 300w, https:\/\/www.forspective.com\/wp-content\/uploads\/2023\/11\/Screenshot-2023-11-16-at-18.51.28-768x545.png 768w, https:\/\/www.forspective.com\/wp-content\/uploads\/2023\/11\/Screenshot-2023-11-16-at-18.51.28.png 1488w\" sizes=\"auto, (max-width: 1024px) 100vw, 1024px\" \/><\/figure>\n<\/div>\n<\/div>\n\n\n\n<h3 class=\"wp-block-heading\"><\/h3>\n<\/div>\n","protected":false},"excerpt":{"rendered":"<p>Le projet Sweep\u2019x \u2122 ouvre des possibilit\u00e9s de manipulation flexibles de produits sur une cha\u00eene de production \u00e0 hautes cadences Vid\u00e9o Brochure Exemple d&rsquo;application n\u00b01Division-Regroupement Avantages Exemple d&rsquo;application n\u00b02Accumulation dynamique FIFO Avantages<\/p>\n","protected":false},"author":1,"featured_media":0,"parent":0,"menu_order":0,"comment_status":"closed","ping_status":"closed","template":"","meta":{"footnotes":""},"class_list":["post-56","page","type-page","status-publish","hentry"],"_links":{"self":[{"href":"https:\/\/www.forspective.com\/index.php\/wp-json\/wp\/v2\/pages\/56","targetHints":{"allow":["GET"]}}],"collection":[{"href":"https:\/\/www.forspective.com\/index.php\/wp-json\/wp\/v2\/pages"}],"about":[{"href":"https:\/\/www.forspective.com\/index.php\/wp-json\/wp\/v2\/types\/page"}],"author":[{"embeddable":true,"href":"https:\/\/www.forspective.com\/index.php\/wp-json\/wp\/v2\/users\/1"}],"replies":[{"embeddable":true,"href":"https:\/\/www.forspective.com\/index.php\/wp-json\/wp\/v2\/comments?post=56"}],"version-history":[{"count":17,"href":"https:\/\/www.forspective.com\/index.php\/wp-json\/wp\/v2\/pages\/56\/revisions"}],"predecessor-version":[{"id":223,"href":"https:\/\/www.forspective.com\/index.php\/wp-json\/wp\/v2\/pages\/56\/revisions\/223"}],"wp:attachment":[{"href":"https:\/\/www.forspective.com\/index.php\/wp-json\/wp\/v2\/media?parent=56"}],"curies":[{"name":"wp","href":"https:\/\/api.w.org\/{rel}","templated":true}]}}